{"id":140,"date":"2024-02-05T19:05:27","date_gmt":"2024-02-05T22:05:27","guid":{"rendered":"https:\/\/lers.pro.br\/?page_id=140"},"modified":"2024-05-15T21:27:37","modified_gmt":"2024-05-16T00:27:37","slug":"publicacoes","status":"publish","type":"page","link":"https:\/\/lers.pro.br\/?page_id=140","title":{"rendered":"Gram\u00e1tica"},"content":{"rendered":"<p>P\u00e1gina em constru\u00e7\u00e3o.<\/p><div class=\"wp-block-columns is-layout-flex wp-container-core-columns-is-layout-9d6595d7 wp-block-columns-is-layout-flex\"><div class=\"wp-block-column is-layout-flow wp-block-column-is-layout-flow\" style=\"flex-basis:33.33%\"><figure class=\"wp-block-image size-large\"><img loading=\"lazy\" decoding=\"async\" width=\"642\" height=\"1024\" src=\"https:\/\/lers.pro.br\/wp-content\/uploads\/2024\/05\/CAPAS-DE-LIVROS-1-642x1024.jpg\" alt=\"\" class=\"wp-image-417\" srcset=\"https:\/\/lers.pro.br\/wp-content\/uploads\/2024\/05\/CAPAS-DE-LIVROS-1-642x1024.jpg 642w, https:\/\/lers.pro.br\/wp-content\/uploads\/2024\/05\/CAPAS-DE-LIVROS-1-300x479.jpg 300w, https:\/\/lers.pro.br\/wp-content\/uploads\/2024\/05\/CAPAS-DE-LIVROS-1-615x981.jpg 615w, https:\/\/lers.pro.br\/wp-content\/uploads\/2024\/05\/CAPAS-DE-LIVROS-1-188x300.jpg 188w, https:\/\/lers.pro.br\/wp-content\/uploads\/2024\/05\/CAPAS-DE-LIVROS-1-768x1226.jpg 768w, https:\/\/lers.pro.br\/wp-content\/uploads\/2024\/05\/CAPAS-DE-LIVROS-1-963x1536.jpg 963w, https:\/\/lers.pro.br\/wp-content\/uploads\/2024\/05\/CAPAS-DE-LIVROS-1-1283x2048.jpg 1283w, https:\/\/lers.pro.br\/wp-content\/uploads\/2024\/05\/CAPAS-DE-LIVROS-1.jpg 1410w\" sizes=\"auto, (max-width: 642px) 100vw, 642px\" \/><\/figure><\/div>\n\n<div class=\"wp-block-column is-layout-flow wp-block-column-is-layout-flow\" style=\"flex-basis:66.66%\"><\/div><\/div><div class=\"wp-block-columns is-layout-flex wp-container-core-columns-is-layout-9d6595d7 wp-block-columns-is-layout-flex\"><div class=\"wp-block-column is-layout-flow wp-block-column-is-layout-flow\" style=\"flex-basis:33.33%\"><figure class=\"wp-block-image size-large\"><img loading=\"lazy\" decoding=\"async\" width=\"642\" height=\"1024\" src=\"https:\/\/lers.pro.br\/wp-content\/uploads\/2024\/05\/CAPAS-DE-LIVROS-2-642x1024.jpg\" alt=\"\" class=\"wp-image-420\" srcset=\"https:\/\/lers.pro.br\/wp-content\/uploads\/2024\/05\/CAPAS-DE-LIVROS-2-642x1024.jpg 642w, https:\/\/lers.pro.br\/wp-content\/uploads\/2024\/05\/CAPAS-DE-LIVROS-2-300x479.jpg 300w, https:\/\/lers.pro.br\/wp-content\/uploads\/2024\/05\/CAPAS-DE-LIVROS-2-615x981.jpg 615w, https:\/\/lers.pro.br\/wp-content\/uploads\/2024\/05\/CAPAS-DE-LIVROS-2-188x300.jpg 188w, https:\/\/lers.pro.br\/wp-content\/uploads\/2024\/05\/CAPAS-DE-LIVROS-2-768x1226.jpg 768w, https:\/\/lers.pro.br\/wp-content\/uploads\/2024\/05\/CAPAS-DE-LIVROS-2-963x1536.jpg 963w, https:\/\/lers.pro.br\/wp-content\/uploads\/2024\/05\/CAPAS-DE-LIVROS-2-1283x2048.jpg 1283w, https:\/\/lers.pro.br\/wp-content\/uploads\/2024\/05\/CAPAS-DE-LIVROS-2.jpg 1410w\" sizes=\"auto, (max-width: 642px) 100vw, 642px\" \/><\/figure><\/div>\n\n<div class=\"wp-block-column is-layout-flow wp-block-column-is-layout-flow\" style=\"flex-basis:66.66%\"><\/div><\/div>","protected":false},"excerpt":{"rendered":"<p>P\u00e1gina em constru\u00e7\u00e3o.<\/p>\n","protected":false},"author":1,"featured_media":0,"parent":0,"menu_order":0,"comment_status":"closed","ping_status":"closed","template":"","meta":{"_editorskit_title_hidden":false,"_editorskit_reading_time":0,"_editorskit_is_block_options_detached":false,"_editorskit_block_options_position":"{}","_uag_custom_page_level_css":"","footnotes":""},"class_list":["post-140","page","type-page","status-publish","hentry"],"uagb_featured_image_src":{"full":false,"thumbnail":false,"medium":false,"medium_large":false,"large":false,"1536x1536":false,"2048x2048":false,"depicter-thumbnail":false,"news-event-featured":false,"news-event-list":false,"news-event-thumb":false,"news-event-small":false,"news-event-grid":false,"woocommerce_thumbnail":false,"woocommerce_single":false,"woocommerce_gallery_thumbnail":false},"uagb_author_info":{"display_name":"rodrigo.nmartins97","author_link":"https:\/\/lers.pro.br\/?author=1"},"uagb_comment_info":0,"uagb_excerpt":"P\u00e1gina em constru\u00e7\u00e3o.","_links":{"self":[{"href":"https:\/\/lers.pro.br\/index.php?rest_route=\/wp\/v2\/pages\/140","targetHints":{"allow":["GET"]}}],"collection":[{"href":"https:\/\/lers.pro.br\/index.php?rest_route=\/wp\/v2\/pages"}],"about":[{"href":"https:\/\/lers.pro.br\/index.php?rest_route=\/wp\/v2\/types\/page"}],"author":[{"embeddable":true,"href":"https:\/\/lers.pro.br\/index.php?rest_route=\/wp\/v2\/users\/1"}],"replies":[{"embeddable":true,"href":"https:\/\/lers.pro.br\/index.php?rest_route=%2Fwp%2Fv2%2Fcomments&post=140"}],"version-history":[{"count":6,"href":"https:\/\/lers.pro.br\/index.php?rest_route=\/wp\/v2\/pages\/140\/revisions"}],"predecessor-version":[{"id":421,"href":"https:\/\/lers.pro.br\/index.php?rest_route=\/wp\/v2\/pages\/140\/revisions\/421"}],"wp:attachment":[{"href":"https:\/\/lers.pro.br\/index.php?rest_route=%2Fwp%2Fv2%2Fmedia&parent=140"}],"curies":[{"name":"wp","href":"https:\/\/api.w.org\/{rel}","templated":true}]}}