{"id":429,"date":"2024-10-03T01:12:34","date_gmt":"2024-10-03T04:12:34","guid":{"rendered":"https:\/\/lers.pro.br\/?page_id=429"},"modified":"2024-10-03T20:26:41","modified_gmt":"2024-10-03T23:26:41","slug":"imagens","status":"publish","type":"page","link":"https:\/\/lers.pro.br\/?page_id=429","title":{"rendered":"Imagens"},"content":{"rendered":"<div class=\"wp-block-columns is-layout-flex wp-container-core-columns-is-layout-9d6595d7 wp-block-columns-is-layout-flex\"><div class=\"wp-block-column is-layout-flow wp-block-column-is-layout-flow\"><figure class=\"wp-block-image size-large\"><img loading=\"lazy\" decoding=\"async\" width=\"1024\" height=\"768\" src=\"https:\/\/lers.pro.br\/wp-content\/uploads\/2024\/10\/20180110_084619-1024x768.jpg\" alt=\"\" class=\"wp-image-741\" srcset=\"https:\/\/lers.pro.br\/wp-content\/uploads\/2024\/10\/20180110_084619-1024x768.jpg 1024w, https:\/\/lers.pro.br\/wp-content\/uploads\/2024\/10\/20180110_084619-300x225.jpg 300w, https:\/\/lers.pro.br\/wp-content\/uploads\/2024\/10\/20180110_084619-scaled-615x461.jpg 615w, https:\/\/lers.pro.br\/wp-content\/uploads\/2024\/10\/20180110_084619-768x576.jpg 768w, https:\/\/lers.pro.br\/wp-content\/uploads\/2024\/10\/20180110_084619-1536x1152.jpg 1536w, https:\/\/lers.pro.br\/wp-content\/uploads\/2024\/10\/20180110_084619-2048x1536.jpg 2048w, https:\/\/lers.pro.br\/wp-content\/uploads\/2024\/10\/20180110_084619-200x150.jpg 200w\" sizes=\"auto, (max-width: 1024px) 100vw, 1024px\" \/><\/figure><\/div>\n\n<div class=\"wp-block-column is-layout-flow wp-block-column-is-layout-flow\"><figure class=\"wp-block-image size-large\"><img loading=\"lazy\" decoding=\"async\" width=\"768\" height=\"1024\" src=\"https:\/\/lers.pro.br\/wp-content\/uploads\/2024\/10\/20180110_084648-768x1024.jpg\" alt=\"\" class=\"wp-image-743\" srcset=\"https:\/\/lers.pro.br\/wp-content\/uploads\/2024\/10\/20180110_084648-768x1024.jpg 768w, https:\/\/lers.pro.br\/wp-content\/uploads\/2024\/10\/20180110_084648-scaled-300x400.jpg 300w, https:\/\/lers.pro.br\/wp-content\/uploads\/2024\/10\/20180110_084648-scaled-615x820.jpg 615w, https:\/\/lers.pro.br\/wp-content\/uploads\/2024\/10\/20180110_084648-225x300.jpg 225w, https:\/\/lers.pro.br\/wp-content\/uploads\/2024\/10\/20180110_084648-1152x1536.jpg 1152w, https:\/\/lers.pro.br\/wp-content\/uploads\/2024\/10\/20180110_084648-1536x2048.jpg 1536w, https:\/\/lers.pro.br\/wp-content\/uploads\/2024\/10\/20180110_084648-200x267.jpg 200w, https:\/\/lers.pro.br\/wp-content\/uploads\/2024\/10\/20180110_084648-scaled.jpg 1920w\" sizes=\"auto, (max-width: 768px) 100vw, 768px\" \/><\/figure><\/div>\n\n<div class=\"wp-block-column is-layout-flow wp-block-column-is-layout-flow\"><p>Os fundadores da Revista Juno!<\/p><\/div><\/div><h2 class=\"wp-block-heading\">Digita\u00e7\u00f5es e revis\u00f5es!!!!!<\/h2><div class=\"wp-block-columns is-layout-flex wp-container-core-columns-is-layout-9d6595d7 wp-block-columns-is-layout-flex\"><div class=\"wp-block-column is-layout-flow wp-block-column-is-layout-flow\"><figure class=\"wp-block-image size-large\"><img loading=\"lazy\" decoding=\"async\" width=\"1024\" height=\"576\" src=\"https:\/\/lers.pro.br\/wp-content\/uploads\/2024\/10\/20190410_075706-1024x576.jpg\" alt=\"\" class=\"wp-image-745\" srcset=\"https:\/\/lers.pro.br\/wp-content\/uploads\/2024\/10\/20190410_075706-1024x576.jpg 1024w, https:\/\/lers.pro.br\/wp-content\/uploads\/2024\/10\/20190410_075706-300x169.jpg 300w, https:\/\/lers.pro.br\/wp-content\/uploads\/2024\/10\/20190410_075706-scaled-615x346.jpg 615w, https:\/\/lers.pro.br\/wp-content\/uploads\/2024\/10\/20190410_075706-768x432.jpg 768w, https:\/\/lers.pro.br\/wp-content\/uploads\/2024\/10\/20190410_075706-1536x864.jpg 1536w, https:\/\/lers.pro.br\/wp-content\/uploads\/2024\/10\/20190410_075706-2048x1152.jpg 2048w, https:\/\/lers.pro.br\/wp-content\/uploads\/2024\/10\/20190410_075706-200x113.jpg 200w\" sizes=\"auto, (max-width: 1024px) 100vw, 1024px\" \/><\/figure><\/div>\n\n<div class=\"wp-block-column is-layout-flow wp-block-column-is-layout-flow\"><figure class=\"wp-block-image size-large\"><img loading=\"lazy\" decoding=\"async\" width=\"1024\" height=\"576\" src=\"https:\/\/lers.pro.br\/wp-content\/uploads\/2024\/10\/IMG-20190125-WA0017-1024x576.jpg\" alt=\"\" class=\"wp-image-746\" srcset=\"https:\/\/lers.pro.br\/wp-content\/uploads\/2024\/10\/IMG-20190125-WA0017-1024x576.jpg 1024w, https:\/\/lers.pro.br\/wp-content\/uploads\/2024\/10\/IMG-20190125-WA0017-300x169.jpg 300w, https:\/\/lers.pro.br\/wp-content\/uploads\/2024\/10\/IMG-20190125-WA0017-615x346.jpg 615w, https:\/\/lers.pro.br\/wp-content\/uploads\/2024\/10\/IMG-20190125-WA0017-768x432.jpg 768w, https:\/\/lers.pro.br\/wp-content\/uploads\/2024\/10\/IMG-20190125-WA0017-200x113.jpg 200w, https:\/\/lers.pro.br\/wp-content\/uploads\/2024\/10\/IMG-20190125-WA0017.jpg 1032w\" sizes=\"auto, (max-width: 1024px) 100vw, 1024px\" \/><\/figure><\/div>\n\n<div class=\"wp-block-column is-layout-flow wp-block-column-is-layout-flow\"><figure class=\"wp-block-image size-large\"><img loading=\"lazy\" decoding=\"async\" width=\"1024\" height=\"576\" src=\"https:\/\/lers.pro.br\/wp-content\/uploads\/2024\/10\/20190506_075103-1024x576.jpg\" alt=\"\" class=\"wp-image-747\" srcset=\"https:\/\/lers.pro.br\/wp-content\/uploads\/2024\/10\/20190506_075103-1024x576.jpg 1024w, https:\/\/lers.pro.br\/wp-content\/uploads\/2024\/10\/20190506_075103-300x169.jpg 300w, https:\/\/lers.pro.br\/wp-content\/uploads\/2024\/10\/20190506_075103-scaled-615x346.jpg 615w, https:\/\/lers.pro.br\/wp-content\/uploads\/2024\/10\/20190506_075103-768x432.jpg 768w, https:\/\/lers.pro.br\/wp-content\/uploads\/2024\/10\/20190506_075103-1536x864.jpg 1536w, https:\/\/lers.pro.br\/wp-content\/uploads\/2024\/10\/20190506_075103-2048x1152.jpg 2048w, https:\/\/lers.pro.br\/wp-content\/uploads\/2024\/10\/20190506_075103-200x113.jpg 200w\" sizes=\"auto, (max-width: 1024px) 100vw, 1024px\" \/><\/figure><\/div><\/div><h2 class=\"wp-block-heading\">Fugindo do calor!!!<\/h2><div class=\"wp-block-columns is-layout-flex wp-container-core-columns-is-layout-9d6595d7 wp-block-columns-is-layout-flex\"><div class=\"wp-block-column is-layout-flow wp-block-column-is-layout-flow\"><figure class=\"wp-block-image size-large\"><img loading=\"lazy\" decoding=\"async\" width=\"1024\" height=\"472\" src=\"https:\/\/lers.pro.br\/wp-content\/uploads\/2024\/10\/Rita-Emile_Pereira-da-Costa-1024x472.jpg\" alt=\"\" class=\"wp-image-748\" srcset=\"https:\/\/lers.pro.br\/wp-content\/uploads\/2024\/10\/Rita-Emile_Pereira-da-Costa-1024x472.jpg 1024w, https:\/\/lers.pro.br\/wp-content\/uploads\/2024\/10\/Rita-Emile_Pereira-da-Costa-300x138.jpg 300w, https:\/\/lers.pro.br\/wp-content\/uploads\/2024\/10\/Rita-Emile_Pereira-da-Costa-615x283.jpg 615w, https:\/\/lers.pro.br\/wp-content\/uploads\/2024\/10\/Rita-Emile_Pereira-da-Costa-768x354.jpg 768w, https:\/\/lers.pro.br\/wp-content\/uploads\/2024\/10\/Rita-Emile_Pereira-da-Costa-200x92.jpg 200w, https:\/\/lers.pro.br\/wp-content\/uploads\/2024\/10\/Rita-Emile_Pereira-da-Costa.jpg 1302w\" sizes=\"auto, (max-width: 1024px) 100vw, 1024px\" \/><\/figure><\/div>\n\n<div class=\"wp-block-column is-layout-flow wp-block-column-is-layout-flow\"><figure class=\"wp-block-image size-large\"><img loading=\"lazy\" decoding=\"async\" width=\"1024\" height=\"472\" src=\"https:\/\/lers.pro.br\/wp-content\/uploads\/2024\/10\/Francisca-Emanuely_Barbosa-de-Oliveira-1024x472.jpg\" alt=\"\" class=\"wp-image-749\" srcset=\"https:\/\/lers.pro.br\/wp-content\/uploads\/2024\/10\/Francisca-Emanuely_Barbosa-de-Oliveira-1024x472.jpg 1024w, https:\/\/lers.pro.br\/wp-content\/uploads\/2024\/10\/Francisca-Emanuely_Barbosa-de-Oliveira-300x138.jpg 300w, https:\/\/lers.pro.br\/wp-content\/uploads\/2024\/10\/Francisca-Emanuely_Barbosa-de-Oliveira-615x283.jpg 615w, https:\/\/lers.pro.br\/wp-content\/uploads\/2024\/10\/Francisca-Emanuely_Barbosa-de-Oliveira-768x354.jpg 768w, https:\/\/lers.pro.br\/wp-content\/uploads\/2024\/10\/Francisca-Emanuely_Barbosa-de-Oliveira-200x92.jpg 200w, https:\/\/lers.pro.br\/wp-content\/uploads\/2024\/10\/Francisca-Emanuely_Barbosa-de-Oliveira.jpg 1302w\" sizes=\"auto, (max-width: 1024px) 100vw, 1024px\" \/><\/figure><\/div>\n\n<div class=\"wp-block-column is-layout-flow wp-block-column-is-layout-flow\"><figure class=\"wp-block-image size-large\"><img loading=\"lazy\" decoding=\"async\" width=\"1024\" height=\"472\" src=\"https:\/\/lers.pro.br\/wp-content\/uploads\/2024\/10\/Joao-Vitor_Gomes-Leite-1024x472.jpg\" alt=\"\" class=\"wp-image-750\" srcset=\"https:\/\/lers.pro.br\/wp-content\/uploads\/2024\/10\/Joao-Vitor_Gomes-Leite-1024x472.jpg 1024w, https:\/\/lers.pro.br\/wp-content\/uploads\/2024\/10\/Joao-Vitor_Gomes-Leite-300x138.jpg 300w, https:\/\/lers.pro.br\/wp-content\/uploads\/2024\/10\/Joao-Vitor_Gomes-Leite-615x283.jpg 615w, https:\/\/lers.pro.br\/wp-content\/uploads\/2024\/10\/Joao-Vitor_Gomes-Leite-768x354.jpg 768w, https:\/\/lers.pro.br\/wp-content\/uploads\/2024\/10\/Joao-Vitor_Gomes-Leite-200x92.jpg 200w, https:\/\/lers.pro.br\/wp-content\/uploads\/2024\/10\/Joao-Vitor_Gomes-Leite.jpg 1302w\" sizes=\"auto, (max-width: 1024px) 100vw, 1024px\" \/><\/figure><\/div><\/div><p><\/p><p><\/p><p><\/p><p><\/p><p><\/p><p><\/p><p><\/p>","protected":false},"excerpt":{"rendered":"<p>Os fundadores da Revista Juno! Digita\u00e7\u00f5es e revis\u00f5es!!!!! Fugindo do calor!!!<\/p>\n","protected":false},"author":1,"featured_media":0,"parent":0,"menu_order":0,"comment_status":"closed","ping_status":"closed","template":"","meta":{"_editorskit_title_hidden":false,"_editorskit_reading_time":0,"_editorskit_is_block_options_detached":false,"_editorskit_block_options_position":"{}","_uag_custom_page_level_css":"","footnotes":""},"class_list":["post-429","page","type-page","status-publish","hentry"],"uagb_featured_image_src":{"full":false,"thumbnail":false,"medium":false,"medium_large":false,"large":false,"1536x1536":false,"2048x2048":false,"depicter-thumbnail":false,"news-event-featured":false,"news-event-list":false,"news-event-thumb":false,"news-event-small":false,"news-event-grid":false,"woocommerce_thumbnail":false,"woocommerce_single":false,"woocommerce_gallery_thumbnail":false},"uagb_author_info":{"display_name":"rodrigo.nmartins97","author_link":"https:\/\/lers.pro.br\/?author=1"},"uagb_comment_info":0,"uagb_excerpt":"Os fundadores da Revista Juno! Digita\u00e7\u00f5es e revis\u00f5es!!!!! Fugindo do calor!!!","_links":{"self":[{"href":"https:\/\/lers.pro.br\/index.php?rest_route=\/wp\/v2\/pages\/429","targetHints":{"allow":["GET"]}}],"collection":[{"href":"https:\/\/lers.pro.br\/index.php?rest_route=\/wp\/v2\/pages"}],"about":[{"href":"https:\/\/lers.pro.br\/index.php?rest_route=\/wp\/v2\/types\/page"}],"author":[{"embeddable":true,"href":"https:\/\/lers.pro.br\/index.php?rest_route=\/wp\/v2\/users\/1"}],"replies":[{"embeddable":true,"href":"https:\/\/lers.pro.br\/index.php?rest_route=%2Fwp%2Fv2%2Fcomments&post=429"}],"version-history":[{"count":24,"href":"https:\/\/lers.pro.br\/index.php?rest_route=\/wp\/v2\/pages\/429\/revisions"}],"predecessor-version":[{"id":751,"href":"https:\/\/lers.pro.br\/index.php?rest_route=\/wp\/v2\/pages\/429\/revisions\/751"}],"wp:attachment":[{"href":"https:\/\/lers.pro.br\/index.php?rest_route=%2Fwp%2Fv2%2Fmedia&parent=429"}],"curies":[{"name":"wp","href":"https:\/\/api.w.org\/{rel}","templated":true}]}}