{"id":680,"date":"2024-10-02T08:27:07","date_gmt":"2024-10-02T11:27:07","guid":{"rendered":"https:\/\/lers.pro.br\/?page_id=680"},"modified":"2024-10-02T08:28:46","modified_gmt":"2024-10-02T11:28:46","slug":"acoes","status":"publish","type":"page","link":"https:\/\/lers.pro.br\/?page_id=680","title":{"rendered":"A\u00e7\u00f5es"},"content":{"rendered":"<p>P\u00e1gina em manuten\u00e7\u00e3o. Conte\u00fado temporariamente indispon\u00edvel.<\/p>","protected":false},"excerpt":{"rendered":"<p>P\u00e1gina em manuten\u00e7\u00e3o. Conte\u00fado temporariamente indispon\u00edvel.<\/p>\n","protected":false},"author":1,"featured_media":0,"parent":0,"menu_order":0,"comment_status":"closed","ping_status":"closed","template":"","meta":{"_editorskit_title_hidden":false,"_editorskit_reading_time":0,"_editorskit_is_block_options_detached":false,"_editorskit_block_options_position":"{}","_uag_custom_page_level_css":"","footnotes":""},"class_list":["post-680","page","type-page","status-publish","hentry"],"uagb_featured_image_src":{"full":false,"thumbnail":false,"medium":false,"medium_large":false,"large":false,"1536x1536":false,"2048x2048":false,"depicter-thumbnail":false,"news-event-featured":false,"news-event-list":false,"news-event-thumb":false,"news-event-small":false,"news-event-grid":false,"woocommerce_thumbnail":false,"woocommerce_single":false,"woocommerce_gallery_thumbnail":false},"uagb_author_info":{"display_name":"rodrigo.nmartins97","author_link":"https:\/\/lers.pro.br\/?author=1"},"uagb_comment_info":0,"uagb_excerpt":"P\u00e1gina em manuten\u00e7\u00e3o. Conte\u00fado temporariamente indispon\u00edvel.","_links":{"self":[{"href":"https:\/\/lers.pro.br\/index.php?rest_route=\/wp\/v2\/pages\/680","targetHints":{"allow":["GET"]}}],"collection":[{"href":"https:\/\/lers.pro.br\/index.php?rest_route=\/wp\/v2\/pages"}],"about":[{"href":"https:\/\/lers.pro.br\/index.php?rest_route=\/wp\/v2\/types\/page"}],"author":[{"embeddable":true,"href":"https:\/\/lers.pro.br\/index.php?rest_route=\/wp\/v2\/users\/1"}],"replies":[{"embeddable":true,"href":"https:\/\/lers.pro.br\/index.php?rest_route=%2Fwp%2Fv2%2Fcomments&post=680"}],"version-history":[{"count":2,"href":"https:\/\/lers.pro.br\/index.php?rest_route=\/wp\/v2\/pages\/680\/revisions"}],"predecessor-version":[{"id":683,"href":"https:\/\/lers.pro.br\/index.php?rest_route=\/wp\/v2\/pages\/680\/revisions\/683"}],"wp:attachment":[{"href":"https:\/\/lers.pro.br\/index.php?rest_route=%2Fwp%2Fv2%2Fmedia&parent=680"}],"curies":[{"name":"wp","href":"https:\/\/api.w.org\/{rel}","templated":true}]}}