{"id":1226,"date":"2025-04-25T09:00:24","date_gmt":"2025-04-25T12:00:24","guid":{"rendered":"https:\/\/lers.pro.br\/?post_type=product&#038;p=1226"},"modified":"2025-04-25T09:05:24","modified_gmt":"2025-04-25T12:05:24","slug":"passe-no-concurso-ou-vestibular-dos-seus-sonhos","status":"publish","type":"product","link":"https:\/\/lers.pro.br\/?product=passe-no-concurso-ou-vestibular-dos-seus-sonhos","title":{"rendered":"Passe no concurso ou vestibular dos seus sonhos"},"content":{"rendered":"","protected":false},"excerpt":{"rendered":"<p><span style=\"font-weight: 400;\">Se voc\u00ea est\u00e1 se preparando para concursos p\u00fablicos ou vestibulares, j\u00e1 sabe que o caminho \u00e9 exigente. A concorr\u00eancia \u00e9 alta e n\u00e3o s\u00e3o poucos os que ficam pelo caminho. Mas sua prepara\u00e7\u00e3o n\u00e3o precisa ser um fardo.<\/span><\/p>\n<p><span style=\"font-weight: 400;\">\u201c<\/span><i><span style=\"font-weight: 400;\">Passe no Concurso ou Vestibular dos Seus Sonhos<\/span><\/i><span style=\"font-weight: 400;\">\u201d \u00e9 mais do que um guia de estudos. \u00c9 um convite para voc\u00ea trilhar essa jornada de forma saud\u00e1vel, estrat\u00e9gica e consciente, respeitando seu ritmo e valorizando sua sa\u00fade mental.<\/span><\/p>\n<p><span style=\"font-weight: 400;\">Neste livro, voc\u00ea encontrar\u00e1 orienta\u00e7\u00f5es pr\u00e1ticas e objetivas sobre como organizar sua rotina de estudos sem abdicar do descanso. Al\u00e9m disso, aprender\u00e1 t\u00e9cnicas para manter o foco e lidar com a ansiedade; conhecer\u00e1 estrat\u00e9gias de autoconhecimento que potencializam seus resultados e aprender\u00e1 sobre a import\u00e2ncia de h\u00e1bitos simples \u2014 mas poderosos \u2014 para o equil\u00edbrio emocional durante a prepara\u00e7\u00e3o.<\/span><\/p>\n<p><span style=\"font-weight: 400;\">Estudar n\u00e3o \u00e9 sofrimento: \u00e9 processo. E conquistar sua aprova\u00e7\u00e3o pode (e deve) acontecer com leveza, disciplina e motiva\u00e7\u00e3o genu\u00ednas.<\/span><\/p>\n","protected":false},"featured_media":1227,"comment_status":"open","ping_status":"closed","template":"","meta":{"_editorskit_title_hidden":false,"_editorskit_reading_time":0,"_editorskit_is_block_options_detached":false,"_editorskit_block_options_position":"{}","_uag_custom_page_level_css":""},"product_brand":[803],"product_cat":[800],"product_tag":[813,809,815],"class_list":{"0":"post-1226","1":"product","2":"type-product","3":"status-publish","4":"has-post-thumbnail","6":"product_brand-ipsis-verbis-editora","7":"product_cat-concursos","8":"product_tag-concursos","9":"product_tag-ebook","10":"product_tag-vestibulares","12":"first","13":"instock","14":"downloadable","15":"virtual","16":"purchasable","17":"product-type-simple"},"uagb_featured_image_src":{"full":["https:\/\/lers.pro.br\/wp-content\/uploads\/2025\/04\/CAPAS-DE-LIVROS-2.jpg",1410,2250,false],"thumbnail":["https:\/\/lers.pro.br\/wp-content\/uploads\/2025\/04\/CAPAS-DE-LIVROS-2-150x150.jpg",150,150,true],"medium":["https:\/\/lers.pro.br\/wp-content\/uploads\/2025\/04\/CAPAS-DE-LIVROS-2-188x300.jpg",188,300,true],"medium_large":["https:\/\/lers.pro.br\/wp-content\/uploads\/2025\/04\/CAPAS-DE-LIVROS-2-768x1226.jpg",640,1022,true],"large":["https:\/\/lers.pro.br\/wp-content\/uploads\/2025\/04\/CAPAS-DE-LIVROS-2-642x1024.jpg",640,1021,true],"1536x1536":["https:\/\/lers.pro.br\/wp-content\/uploads\/2025\/04\/CAPAS-DE-LIVROS-2-963x1536.jpg",963,1536,true],"2048x2048":["https:\/\/lers.pro.br\/wp-content\/uploads\/2025\/04\/CAPAS-DE-LIVROS-2-1283x2048.jpg",1283,2048,true],"depicter-thumbnail":["https:\/\/lers.pro.br\/wp-content\/uploads\/2025\/04\/CAPAS-DE-LIVROS-2-200x319.jpg",200,319,true],"news-event-featured":["https:\/\/lers.pro.br\/wp-content\/uploads\/2025\/04\/CAPAS-DE-LIVROS-2.jpg",439,700,false],"news-event-list":["https:\/\/lers.pro.br\/wp-content\/uploads\/2025\/04\/CAPAS-DE-LIVROS-2.jpg",251,400,false],"news-event-thumb":["https:\/\/lers.pro.br\/wp-content\/uploads\/2025\/04\/CAPAS-DE-LIVROS-2.jpg",125,200,false],"news-event-small":["https:\/\/lers.pro.br\/wp-content\/uploads\/2025\/04\/CAPAS-DE-LIVROS-2.jpg",60,95,false],"news-event-grid":["https:\/\/lers.pro.br\/wp-content\/uploads\/2025\/04\/CAPAS-DE-LIVROS-2.jpg",157,250,false],"woocommerce_thumbnail":["https:\/\/lers.pro.br\/wp-content\/uploads\/2025\/04\/CAPAS-DE-LIVROS-2-300x479.jpg",300,479,true],"woocommerce_single":["https:\/\/lers.pro.br\/wp-content\/uploads\/2025\/04\/CAPAS-DE-LIVROS-2-615x981.jpg",615,981,true],"woocommerce_gallery_thumbnail":["https:\/\/lers.pro.br\/wp-content\/uploads\/2025\/04\/CAPAS-DE-LIVROS-2-100x100.jpg",100,100,true]},"uagb_author_info":{"display_name":"rodrigo.nmartins97","author_link":"https:\/\/lers.pro.br\/?author=0"},"uagb_comment_info":0,"uagb_excerpt":"Se voc\u00ea est\u00e1 se preparando para concursos p\u00fablicos ou vestibulares, j\u00e1 sabe que o caminho \u00e9 exigente. A concorr\u00eancia \u00e9 alta e n\u00e3o s\u00e3o poucos os que ficam pelo caminho. Mas sua prepara\u00e7\u00e3o n\u00e3o precisa ser um fardo. \u201cPasse no Concurso ou Vestibular dos Seus Sonhos\u201d \u00e9 mais do que um guia de estudos. \u00c9&hellip;","_links":{"self":[{"href":"https:\/\/lers.pro.br\/index.php?rest_route=\/wp\/v2\/product\/1226","targetHints":{"allow":["GET"]}}],"collection":[{"href":"https:\/\/lers.pro.br\/index.php?rest_route=\/wp\/v2\/product"}],"about":[{"href":"https:\/\/lers.pro.br\/index.php?rest_route=\/wp\/v2\/types\/product"}],"replies":[{"embeddable":true,"href":"https:\/\/lers.pro.br\/index.php?rest_route=%2Fwp%2Fv2%2Fcomments&post=1226"}],"wp:featuredmedia":[{"embeddable":true,"href":"https:\/\/lers.pro.br\/index.php?rest_route=\/wp\/v2\/media\/1227"}],"wp:attachment":[{"href":"https:\/\/lers.pro.br\/index.php?rest_route=%2Fwp%2Fv2%2Fmedia&parent=1226"}],"wp:term":[{"taxonomy":"product_brand","embeddable":true,"href":"https:\/\/lers.pro.br\/index.php?rest_route=%2Fwp%2Fv2%2Fproduct_brand&post=1226"},{"taxonomy":"product_cat","embeddable":true,"href":"https:\/\/lers.pro.br\/index.php?rest_route=%2Fwp%2Fv2%2Fproduct_cat&post=1226"},{"taxonomy":"product_tag","embeddable":true,"href":"https:\/\/lers.pro.br\/index.php?rest_route=%2Fwp%2Fv2%2Fproduct_tag&post=1226"}],"curies":[{"name":"wp","href":"https:\/\/api.w.org\/{rel}","templated":true}]}}